{"id":38,"date":"2019-03-12T22:03:16","date_gmt":"2019-03-12T21:03:16","guid":{"rendered":"https:\/\/steevemorelparis.com\/?page_id=38"},"modified":"2021-01-11T12:35:38","modified_gmt":"2021-01-11T11:35:38","slug":"mentions-legales","status":"publish","type":"page","link":"https:\/\/steevemorelparis.com\/en\/mentions-legales\/","title":{"rendered":"Legal Notice"},"content":{"rendered":"<p><strong>Le site \u00ab www.steevemorelparis.com \u00bb est une publication de SARL ADAMANTIUM, 30 rue Saint-Roch, 75001 Paris &#8211; France<\/strong><\/p>\n<p>Pour toute demande concernant un produit ou service, pour toutes suggestions, informations, r\u00e9actions, r\u00e9clamations concernant ce site, <a class=\"link_black\" href=\"https:\/\/steevemorelparis.com\/contact\/\">cliquez ici<\/a>.<\/p>\n<p>L&#8217;ensemble des onglets commerciaux pr\u00e9sents sur <a class=\"link_black\" href=\"https:\/\/www.steevemorelparis.com\">steevemorelparis.com<\/a> sont \u00e9dit\u00e9s par SARL ADAMANTIUM inscrite au RCS de Paris sous le num\u00e9ro 823 517 321 &#8211; Si\u00e8ge social : 30 rue Saint-Roch, 75001 Paris, France.<br \/>\nDirecteur de la publication : Steeve Morel<br \/>\nH\u00e9bergeur : OVH &#8211; Si\u00e8ge social : 2 rue Kellermann, 59100 Roubaix, France &#8211;\u00a0RCS Lille M\u00e9tropole 424 761 419 00045<\/p>\n<p>&nbsp;<\/p>\n<p><strong>Sites et pages Steeve Morel Paris des r\u00e9seaux sociaux<\/strong><\/p>\n<p>Les sites ou pages Steeve Morel Paris des r\u00e9seaux sociaux (tels que Facebook, Twitter, Instagram, Pinterest) sont \u00e9dit\u00e9s par SARL ADAMANTIUM.<\/p>\n<p>RCS de Nanterre sous le num\u00e9ro 823 517 321<br \/>\nSi\u00e8ge social : 30 rue Saint-Roch, 75001 Paris, France<br \/>\nDirecteur de la publication : Steeve Morel<br \/>\nPour tout contact : <a class=\"link_black\" href=\"https:\/\/steevemorelparis.com\/contact\/\">cliquez ici<\/a><\/p>\n<p>&nbsp;<\/p>\n<p><strong>Copyright Steeve Morel Paris \u2013 2019 &#8211; Tous droits d&#8217;auteur des textes et \u0153uvres r\u00e9serv\u00e9es<\/strong><\/p>\n<p>Steeve Morel Paris ne garantit en aucune fa\u00e7on, l\u2019exactitude, la pr\u00e9cision, ou l\u2019exhaustivit\u00e9 des informations mises \u00e0 disposition sur son site internet, y compris l\u2019ensemble des liens hypertextes ou toute autre liaison informatique utilis\u00e9es, directement ou indirectement, \u00e0 partir de son site.<\/p>\n<p>Le site internet est prot\u00e9g\u00e9 par le droit d\u2019auteur. L\u2019usage de tout ou partie du site, notamment par t\u00e9l\u00e9chargements, reproductions, transmissions ou repr\u00e9sentations sur tous supports et par tous proc\u00e9d\u00e9s, \u00e0 d\u2019autres fins que pour usage personnel et priv\u00e9 dans un but non commercial, est strictement interdit.<\/p>\n<p>Les d\u00e9nominations sociales, marques et signes distinctifs reproduits sur les sites sont \u00e9galement prot\u00e9g\u00e9s au titre du droit des marques. La reproduction ou la repr\u00e9sentation de tout ou partie des signes distinctifs doit faire l\u2019objet d\u2019une autorisation \u00e9crite pr\u00e9alable des titulaires des marques et signes.<\/p>\n<p>De fait toute reproduction ou repr\u00e9sentation non autoris\u00e9e de marques, logos, dessins, mod\u00e8les, \u0153uvres litt\u00e9raires, musicales, audiovisuelles, photographiques et plus g\u00e9n\u00e9ralement de tout \u00e9l\u00e9ment susceptible d\u2019\u00eatre prot\u00e9g\u00e9s par un droit de propri\u00e9t\u00e9 intellectuelle accessibles sur le site internet est interdite et constituerait une contrefa\u00e7on on au sens des articles L.335-2 et suivants du Code de la Propri\u00e9t\u00e9 Intellectuelle, \u00e0 moins que cette reproduction ou repr\u00e9sentation ne soit exclusivement r\u00e9serv\u00e9 \u00e0 un usage strictement personnel et priv\u00e9.<\/p>\n","protected":false},"excerpt":{"rendered":"<p>Le site \u00ab www.steevemorelparis.com \u00bb est une publication de SARL ADAMANTIUM, 30 rue Saint-Roch, 75001 Paris &#8211; France Pour toute demande concernant un produit ou service, pour toutes suggestions, informations, r\u00e9actions, r\u00e9clamations concernant ce site, cliquez ici. L&#8217;ensemble des onglets commerciaux pr\u00e9sents sur steevemorelparis.com sont \u00e9dit\u00e9s par SARL ADAMANTIUM inscrite au RCS de Paris sous [&hellip;]<\/p>\n","protected":false},"author":1,"featured_media":0,"parent":0,"menu_order":0,"comment_status":"closed","ping_status":"closed","template":"page-standard.php","meta":[],"_links":{"self":[{"href":"https:\/\/steevemorelparis.com\/en\/wp-json\/wp\/v2\/pages\/38"}],"collection":[{"href":"https:\/\/steevemorelparis.com\/en\/wp-json\/wp\/v2\/pages"}],"about":[{"href":"https:\/\/steevemorelparis.com\/en\/wp-json\/wp\/v2\/types\/page"}],"author":[{"embeddable":true,"href":"https:\/\/steevemorelparis.com\/en\/wp-json\/wp\/v2\/users\/1"}],"replies":[{"embeddable":true,"href":"https:\/\/steevemorelparis.com\/en\/wp-json\/wp\/v2\/comments?post=38"}],"version-history":[{"count":4,"href":"https:\/\/steevemorelparis.com\/en\/wp-json\/wp\/v2\/pages\/38\/revisions"}],"predecessor-version":[{"id":6865,"href":"https:\/\/steevemorelparis.com\/en\/wp-json\/wp\/v2\/pages\/38\/revisions\/6865"}],"wp:attachment":[{"href":"https:\/\/steevemorelparis.com\/en\/wp-json\/wp\/v2\/media?parent=38"}],"curies":[{"name":"wp","href":"https:\/\/api.w.org\/{rel}","templated":true}]}}